{"id":7043,"date":"2025-03-03T22:52:55","date_gmt":"2025-03-04T06:52:55","guid":{"rendered":"https:\/\/solifirm.com\/contact\/"},"modified":"2025-08-12T17:56:26","modified_gmt":"2025-08-13T00:56:26","slug":"contact","status":"publish","type":"page","link":"https:\/\/solifirm.com\/es\/contact\/","title":{"rendered":"Contact"},"content":{"rendered":"\t\t<div data-elementor-type=\"wp-page\" data-elementor-id=\"7043\" class=\"elementor elementor-7043 elementor-519\" data-elementor-post-type=\"page\">\n\t\t\t\t\t\t<section class=\"elementor-section elementor-top-section elementor-element elementor-element-473572a elementor-section-full_width elementor-section-height-default elementor-section-height-default\" data-id=\"473572a\" data-element_type=\"section\" data-settings=\"{&quot;background_background&quot;:&quot;classic&quot;}\">\n\t\t\t\t\t\t<div class=\"elementor-container elementor-column-gap-default\">\n\t\t\t\t\t<div class=\"elementor-column elementor-col-100 elementor-top-column elementor-element elementor-element-0fece2d\" data-id=\"0fece2d\" data-element_type=\"column\">\n\t\t\t<div class=\"elementor-widget-wrap elementor-element-populated\">\n\t\t\t\t\t\t<section class=\"elementor-section elementor-inner-section elementor-element elementor-element-578e16f elementor-section-boxed elementor-section-height-default elementor-section-height-default\" data-id=\"578e16f\" data-element_type=\"section\">\n\t\t\t\t\t\t<div class=\"elementor-container elementor-column-gap-default\">\n\t\t\t\t\t<div class=\"elementor-column elementor-col-100 elementor-inner-column elementor-element elementor-element-d7c154a\" data-id=\"d7c154a\" data-element_type=\"column\">\n\t\t\t<div class=\"elementor-widget-wrap elementor-element-populated\">\n\t\t\t\t\t\t<div class=\"elementor-element elementor-element-fdc3abc elementor-widget elementor-widget-heading\" data-id=\"fdc3abc\" data-element_type=\"widget\" data-widget_type=\"heading.default\">\n\t\t\t\t<div class=\"elementor-widget-container\">\n\t\t\t\t\t<h1 class=\"elementor-heading-title elementor-size-default\">Contact Solfirm<\/h1>\t\t\t\t<\/div>\n\t\t\t\t<\/div>\n\t\t\t\t\t<\/div>\n\t\t<\/div>\n\t\t\t\t\t<\/div>\n\t\t<\/section>\n\t\t\t\t\t<\/div>\n\t\t<\/div>\n\t\t\t\t\t<\/div>\n\t\t<\/section>\n\t\t\t\t<section class=\"elementor-section elementor-top-section elementor-element elementor-element-4fdc2cc elementor-section-boxed elementor-section-height-default elementor-section-height-default\" data-id=\"4fdc2cc\" data-element_type=\"section\">\n\t\t\t\t\t\t<div class=\"elementor-container elementor-column-gap-default\">\n\t\t\t\t\t<div class=\"elementor-column elementor-col-50 elementor-top-column elementor-element elementor-element-33f895d\" data-id=\"33f895d\" data-element_type=\"column\">\n\t\t\t<div class=\"elementor-widget-wrap elementor-element-populated\">\n\t\t\t\t\t\t<div class=\"elementor-element elementor-element-598fbe1 elementor-position-left elementor-vertical-align-middle elementor-view-default elementor-mobile-position-top elementor-widget elementor-widget-icon-box\" data-id=\"598fbe1\" data-element_type=\"widget\" id=\"location\" data-widget_type=\"icon-box.default\">\n\t\t\t\t<div class=\"elementor-widget-container\">\n\t\t\t\t\t\t\t<div class=\"elementor-icon-box-wrapper\">\n\n\t\t\t\t\t\t<div class=\"elementor-icon-box-icon\">\n\t\t\t\t<a href=\"https:\/\/maps.app.goo.gl\/i1ZFEF5CeeX2u2AD9\" target=\"_blank\" class=\"elementor-icon\" tabindex=\"-1\" aria-label=\"NUESTRA UBICACI\u00d3N\">\n\t\t\t\t<svg xmlns=\"http:\/\/www.w3.org\/2000\/svg\" width=\"70\" height=\"70\" viewBox=\"0 0 70 70\" fill=\"none\"><path fill-rule=\"evenodd\" clip-rule=\"evenodd\" d=\"M35 18.3177C38.9782 18.3177 42.7936 19.898 45.6066 22.7111C48.4196 25.5241 50 29.3394 50 33.3177C50 38.441 47.2067 42.6344 44.2633 45.6427C42.7928 47.1295 41.1882 48.4774 39.47 49.6694L38.76 50.1527L38.4267 50.3744L37.7983 50.7744L37.2383 51.116L36.545 51.5194C36.0744 51.788 35.5419 51.9293 35 51.9293C34.4581 51.9293 33.9256 51.788 33.455 51.5194L32.7617 51.116L31.895 50.5827L31.575 50.3744L30.8917 49.9194C29.0381 48.6652 27.3115 47.2328 25.7367 45.6427C22.7933 42.6327 20 38.441 20 33.3177C20 29.3394 21.5804 25.5241 24.3934 22.7111C27.2064 19.898 31.0218 18.3177 35 18.3177ZM35 21.651C31.9058 21.651 28.9383 22.8802 26.7504 25.0681C24.5625 27.256 23.3333 30.2235 23.3333 33.3177C23.3333 37.1877 25.4533 40.5844 28.1183 43.311C29.2642 44.471 30.5028 45.5356 31.8217 46.4944L32.585 47.0377C32.8317 47.2099 33.0689 47.3699 33.2967 47.5177L33.9467 47.9344L34.5183 48.2827L35 48.5644L35.7583 48.116L36.37 47.7327C36.6956 47.526 37.0439 47.2944 37.415 47.0377L38.1783 46.4944C39.4972 45.5356 40.7358 44.471 41.8817 43.311C44.5467 40.586 46.6667 37.1877 46.6667 33.3177C46.6667 30.2235 45.4375 27.256 43.2496 25.0681C41.0617 22.8802 38.0942 21.651 35 21.651ZM35 26.651C36.7681 26.651 38.4638 27.3534 39.714 28.6036C40.9643 29.8539 41.6667 31.5496 41.6667 33.3177C41.6667 35.0858 40.9643 36.7815 39.714 38.0317C38.4638 39.282 36.7681 39.9844 35 39.9844C33.2319 39.9844 31.5362 39.282 30.286 38.0317C29.0357 36.7815 28.3333 35.0858 28.3333 33.3177C28.3333 31.5496 29.0357 29.8539 30.286 28.6036C31.5362 27.3534 33.2319 26.651 35 26.651ZM35 29.9844C34.1159 29.9844 33.2681 30.3355 32.643 30.9607C32.0179 31.5858 31.6667 32.4336 31.6667 33.3177C31.6667 34.2017 32.0179 35.0496 32.643 35.6747C33.2681 36.2998 34.1159 36.651 35 36.651C35.8841 36.651 36.7319 36.2998 37.357 35.6747C37.9821 35.0496 38.3333 34.2017 38.3333 33.3177C38.3333 32.4336 37.9821 31.5858 37.357 30.9607C36.7319 30.3355 35.8841 29.9844 35 29.9844Z\" fill=\"#C62A1E\"><\/path><rect x=\"0.5\" y=\"0.5\" width=\"69\" height=\"69\" stroke=\"#C62A1E\"><\/rect><\/svg>\t\t\t\t<\/a>\n\t\t\t<\/div>\n\t\t\t\n\t\t\t\t\t\t<div class=\"elementor-icon-box-content\">\n\n\t\t\t\t\t\t\t\t\t<h3 class=\"elementor-icon-box-title\">\n\t\t\t\t\t\t<a href=\"https:\/\/maps.app.goo.gl\/i1ZFEF5CeeX2u2AD9\" target=\"_blank\" >\n\t\t\t\t\t\t\tNUESTRA UBICACI\u00d3N\t\t\t\t\t\t<\/a>\n\t\t\t\t\t<\/h3>\n\t\t\t\t\n\t\t\t\t\t\t\t\t\t<p class=\"elementor-icon-box-description\">\n\t\t\t\t\t\tCanad\u00e1:  <br>\n<a style=\"color: #7a7a7a;\" :<a href=\"tel:(866) 274-5585\n\"> (866) 274-5585 <\/a><br> \n<a style=\"color: #7a7a7a;\" :<a href=\"tel:(306) 881-0325 \n\"> (306) 881-0325 <\/a><br> \n<a style=\"color: #7a7a7a;\" :<a href=\"tel:(672) 338-9909\n\"> (672) 338-9909 <\/a><br> \n\nEE.UU: <a style=\"color: #7a7a7a;\" <a href=\"tel:949 337 7766\">+1-949-337-7766<\/a>\t\t\t\t\t<\/p>\n\t\t\t\t\n\t\t\t<\/div>\n\t\t\t\n\t\t<\/div>\n\t\t\t\t\t\t<\/div>\n\t\t\t\t<\/div>\n\t\t\t\t<div class=\"elementor-element elementor-element-4a9c2ed elementor-position-left elementor-vertical-align-middle elementor-view-default elementor-mobile-position-top elementor-widget elementor-widget-icon-box\" data-id=\"4a9c2ed\" data-element_type=\"widget\" id=\"location\" data-widget_type=\"icon-box.default\">\n\t\t\t\t<div class=\"elementor-widget-container\">\n\t\t\t\t\t\t\t<div class=\"elementor-icon-box-wrapper\">\n\n\t\t\t\t\t\t<div class=\"elementor-icon-box-icon\">\n\t\t\t\t<span  class=\"elementor-icon\">\n\t\t\t\t<svg xmlns=\"http:\/\/www.w3.org\/2000\/svg\" width=\"70\" height=\"70\" viewBox=\"0 0 70 70\" fill=\"none\"><rect x=\"0.5\" y=\"0.5\" width=\"69\" height=\"69\" stroke=\"#C62A1E\"><\/rect><path d=\"M44.5846 33.6633C44.5841 31.4272 43.6957 29.2829 42.1145 27.7017C40.5334 26.1206 38.389 25.2321 36.1529 25.2316M50.3646 33.0733C50.3646 31.3016 50.0156 29.5473 49.3375 27.9105C48.6595 26.2737 47.6657 24.7865 46.4129 23.5339C45.16 22.2812 43.6727 21.2875 42.0358 20.6097C40.3989 19.9319 38.6446 19.5831 36.8729 19.5833M35.8846 48.695C35.3846 48.4666 34.8862 48.2383 34.3879 47.9666C31.9434 46.5856 29.6979 44.8789 27.7129 42.8933C25.1407 40.4709 23.0273 37.6038 21.4746 34.43C20.6439 32.7252 20.0828 30.9018 19.8112 29.025C19.4449 27.1286 19.655 25.1659 20.4146 23.39C20.8832 22.6266 21.449 21.9274 22.0979 21.31C22.3612 21.0154 22.6813 20.777 23.0391 20.6092C23.3968 20.4413 23.7847 20.3475 24.1796 20.3333C25.0012 20.4566 25.7462 20.8866 26.2596 21.5383C27.3829 22.7866 28.5879 23.91 29.7729 25.095C30.2396 25.495 30.5312 26.0616 30.5846 26.675C30.5646 27.1916 30.3662 27.6833 30.0229 28.0683C29.6279 28.5683 29.1496 29.025 28.6929 29.5016C28.4168 29.7676 28.2055 30.0936 28.0755 30.4542C27.9454 30.8149 27.9001 31.2006 27.9429 31.5816C28.2296 32.4733 28.7212 33.2866 29.3779 33.9533C30.1657 35.0282 30.9913 36.075 31.8529 37.0916C33.46 38.9455 35.3636 40.5197 37.4862 41.75C37.7802 41.9719 38.1277 42.112 38.4933 42.1559C38.859 42.1998 39.2298 42.146 39.5679 42C40.2729 41.605 40.9012 41.0833 41.4179 40.4616C41.8656 39.9171 42.5063 39.5666 43.2062 39.4833C43.8296 39.5166 44.4162 39.7833 44.8496 40.2333C45.4096 40.71 45.8879 41.2716 46.4079 41.7916C46.9279 42.3116 47.3446 42.6866 47.7812 43.1633C48.3046 43.6255 48.7962 44.1178 49.2562 44.64C49.6129 45.1016 49.7846 45.6816 49.7346 46.2616C49.5488 46.9562 49.1487 47.5744 48.5912 48.0283C47.8062 48.8446 46.8524 49.4797 45.7965 49.8893C44.7406 50.299 43.6081 50.4732 42.4779 50.4C40.1896 50.273 37.9475 49.6935 35.8846 48.695Z\" stroke=\"#C62A1E\" stroke-width=\"2.5\" stroke-miterlimit=\"10\" stroke-linecap=\"round\"><\/path><\/svg>\t\t\t\t<\/span>\n\t\t\t<\/div>\n\t\t\t\n\t\t\t\t\t\t<div class=\"elementor-icon-box-content\">\n\n\t\t\t\t\t\t\t\t\t<h3 class=\"elementor-icon-box-title\">\n\t\t\t\t\t\t<span  >\n\t\t\t\t\t\t\tContacto R\u00e1pido\t\t\t\t\t\t<\/span>\n\t\t\t\t\t<\/h3>\n\t\t\t\t\n\t\t\t\t\t\t\t\t\t<p class=\"elementor-icon-box-description\">\n\t\t\t\t\t\tCanada:<br>\n<a style=\"color: #7a7a7a;\" :<a href=\"tel:(866) 274-5585\n\"> (866) 274-5585 <\/a><br> \n<a style=\"color: #7a7a7a;\" :<a href=\"tel:(306) 881-0325 \n\"> (306) 881-0325 <\/a><br> \n<a style=\"color: #7a7a7a;\" :<a href=\"tel:(672) 338-9909\n\"> (672) 338-9909 <\/a><br> \n\nUSA: <a style=\"color: #7a7a7a;\" :<a href=\"tel:949 337 7766\">+1-949-337-7766<\/a> \t\t\t\t\t<\/p>\n\t\t\t\t\n\t\t\t<\/div>\n\t\t\t\n\t\t<\/div>\n\t\t\t\t\t\t<\/div>\n\t\t\t\t<\/div>\n\t\t\t\t<div class=\"elementor-element elementor-element-dbe68d4 elementor-widget elementor-widget-google_maps\" data-id=\"dbe68d4\" data-element_type=\"widget\" data-widget_type=\"google_maps.default\">\n\t\t\t\t<div class=\"elementor-widget-container\">\n\t\t\t\t\t\t\t<div class=\"elementor-custom-embed\">\n\t\t\t<iframe loading=\"lazy\"\n\t\t\t\t\tsrc=\"https:\/\/maps.google.com\/maps?q=101-12147%20103A%20Avenue%20Surrey&#038;t=m&#038;z=13&#038;output=embed&#038;iwloc=near\"\n\t\t\t\t\ttitle=\"101-12147 103A Avenue Surrey\"\n\t\t\t\t\taria-label=\"101-12147 103A Avenue Surrey\"\n\t\t\t><\/iframe>\n\t\t<\/div>\n\t\t\t\t\t\t<\/div>\n\t\t\t\t<\/div>\n\t\t\t\t\t<\/div>\n\t\t<\/div>\n\t\t\t\t<div class=\"elementor-column elementor-col-50 elementor-top-column elementor-element elementor-element-1579eee\" data-id=\"1579eee\" data-element_type=\"column\">\n\t\t\t<div class=\"elementor-widget-wrap elementor-element-populated\">\n\t\t\t\t\t\t<div class=\"elementor-element elementor-element-4e5b6a9 elementor-widget elementor-widget-heading\" data-id=\"4e5b6a9\" data-element_type=\"widget\" data-widget_type=\"heading.default\">\n\t\t\t\t<div class=\"elementor-widget-container\">\n\t\t\t\t\t<h2 class=\"elementor-heading-title elementor-size-default\">Formulario de Contacto\n\n\n\n\n\n\n\n\n<\/h2>\t\t\t\t<\/div>\n\t\t\t\t<\/div>\n\t\t\t\t<div class=\"elementor-element elementor-element-9f37bb2 elementor-widget elementor-widget-text-editor\" data-id=\"9f37bb2\" data-element_type=\"widget\" data-widget_type=\"text-editor.default\">\n\t\t\t\t<div class=\"elementor-widget-container\">\n\t\t\t\t\t\t\t\t\t<p>\u00bfBusca un suministro de cemento a granel de alta calidad en Vancouver, Columbia Brit\u00e1nica y en toda Am\u00e9rica del Norte? Ya sea para plantas de hormig\u00f3n premezclado, fabricaci\u00f3n de concreto prefabricado, proyectos de construcci\u00f3n o desarrollo de infraestructura, estamos aqu\u00ed para ofrecerle una entrega confiable y puntual a precios competitivos.<\/p>\t\t\t\t\t\t\t\t<\/div>\n\t\t\t\t<\/div>\n\t\t\t\t<div class=\"elementor-element elementor-element-253d8c4 elementor-widget elementor-widget-text-editor\" data-id=\"253d8c4\" data-element_type=\"widget\" data-widget_type=\"text-editor.default\">\n\t\t\t\t<div class=\"elementor-widget-container\">\n\t\t\t\t\t\t\t\t\t<p>Nuestro equipo est\u00e1 listo para ayudarle con soluciones de cemento personalizadas, pedidos a granel y soporte log\u00edstico. \u00a1Cont\u00e1ctenos hoy y construyamos juntos un futuro m\u00e1s s\u00f3lido!<\/p>\t\t\t\t\t\t\t\t<\/div>\n\t\t\t\t<\/div>\n\t\t\t\t<div class=\"elementor-element elementor-element-4ab2a34 elementor-widget elementor-widget-template\" data-id=\"4ab2a34\" data-element_type=\"widget\" data-widget_type=\"template.default\">\n\t\t\t\t<div class=\"elementor-widget-container\">\n\t\t\t\t\t\t\t<div class=\"elementor-template\">\n\t\t\t\t\t<div data-elementor-type=\"section\" data-elementor-id=\"7089\" class=\"elementor elementor-7089 elementor-796\" data-elementor-post-type=\"elementor_library\">\n\t\t\t\t\t<section class=\"elementor-section elementor-top-section elementor-element elementor-element-e5dd88f elementor-section-boxed elementor-section-height-default elementor-section-height-default\" data-id=\"e5dd88f\" data-element_type=\"section\">\n\t\t\t\t\t\t<div class=\"elementor-container elementor-column-gap-default\">\n\t\t\t\t\t<div class=\"elementor-column elementor-col-100 elementor-top-column elementor-element elementor-element-f62b679\" data-id=\"f62b679\" data-element_type=\"column\">\n\t\t\t<div class=\"elementor-widget-wrap elementor-element-populated\">\n\t\t\t\t\t\t<div class=\"elementor-element elementor-element-4452fd8 elementor-button-align-stretch elementor-widget elementor-widget-form\" data-id=\"4452fd8\" data-element_type=\"widget\" id=\"contact_frm\" data-settings=\"{&quot;step_next_label&quot;:&quot;Next&quot;,&quot;step_previous_label&quot;:&quot;Previous&quot;,&quot;button_width&quot;:&quot;100&quot;,&quot;step_type&quot;:&quot;number_text&quot;,&quot;step_icon_shape&quot;:&quot;circle&quot;}\" data-widget_type=\"form.default\">\n\t\t\t\t<div class=\"elementor-widget-container\">\n\t\t\t\t\t\t\t<form class=\"elementor-form\" method=\"post\" name=\"New Form\">\n\t\t\t<input type=\"hidden\" name=\"post_id\" value=\"7089\"\/>\n\t\t\t<input type=\"hidden\" name=\"form_id\" value=\"4452fd8\"\/>\n\t\t\t<input type=\"hidden\" name=\"referer_title\" value=\"Solifirm\" \/>\n\n\t\t\t\n\t\t\t<div class=\"elementor-form-fields-wrapper elementor-labels-\">\n\t\t\t\t\t\t\t\t<div class=\"elementor-field-type-text elementor-field-group elementor-column elementor-field-group-name elementor-col-50 elementor-field-required\">\n\t\t\t\t\t\t\t\t\t\t\t\t<label for=\"form-field-name\" class=\"elementor-field-label elementor-screen-only\">\n\t\t\t\t\t\t\t\tNombre\t\t\t\t\t\t\t<\/label>\n\t\t\t\t\t\t\t\t\t\t\t\t\t\t<input size=\"1\" type=\"text\" name=\"form_fields[name]\" id=\"form-field-name\" class=\"elementor-field elementor-size-sm  elementor-field-textual\" placeholder=\"Su Nombre *\" required=\"required\" aria-required=\"true\">\n\t\t\t\t\t\t\t\t\t\t\t<\/div>\n\t\t\t\t\t\t\t\t<div class=\"elementor-field-type-tel elementor-field-group elementor-column elementor-field-group-field_79e2d7a elementor-col-50 elementor-field-required\">\n\t\t\t\t\t\t\t\t\t\t\t\t<label for=\"form-field-field_79e2d7a\" class=\"elementor-field-label elementor-screen-only\">\n\t\t\t\t\t\t\t\tSu Tel\u00e9fono\t\t\t\t\t\t\t<\/label>\n\t\t\t\t\t\t\t\t<input size=\"1\" type=\"tel\" name=\"form_fields[field_79e2d7a]\" id=\"form-field-field_79e2d7a\" class=\"elementor-field elementor-size-sm  elementor-field-textual\" placeholder=\"Su Tel\u00e9fono *\" required=\"required\" aria-required=\"true\" pattern=\"[0-9()#&amp;+*-=.]+\" title=\"Solo se aceptan n\u00fameros y caracteres de tel\u00e9fono (#,-,*,etc).\">\n\n\t\t\t\t\t\t<\/div>\n\t\t\t\t\t\t\t\t<div class=\"elementor-field-type-email elementor-field-group elementor-column elementor-field-group-email elementor-col-50 elementor-field-required\">\n\t\t\t\t\t\t\t\t\t\t\t\t<label for=\"form-field-email\" class=\"elementor-field-label elementor-screen-only\">\n\t\t\t\t\t\t\t\tCorreo Electr\u00f3nico\t\t\t\t\t\t\t<\/label>\n\t\t\t\t\t\t\t\t\t\t\t\t\t\t<input size=\"1\" type=\"email\" name=\"form_fields[email]\" id=\"form-field-email\" class=\"elementor-field elementor-size-sm  elementor-field-textual\" placeholder=\"Correo Electr\u00f3nico *\" required=\"required\" aria-required=\"true\">\n\t\t\t\t\t\t\t\t\t\t\t<\/div>\n\t\t\t\t\t\t\t\t<div class=\"elementor-field-type-text elementor-field-group elementor-column elementor-field-group-field_54e75e9 elementor-col-50\">\n\t\t\t\t\t\t\t\t\t\t\t\t<label for=\"form-field-field_54e75e9\" class=\"elementor-field-label elementor-screen-only\">\n\t\t\t\t\t\t\t\tNombre de la Empresa\t\t\t\t\t\t\t<\/label>\n\t\t\t\t\t\t\t\t\t\t\t\t\t\t<input size=\"1\" type=\"text\" name=\"form_fields[field_54e75e9]\" id=\"form-field-field_54e75e9\" class=\"elementor-field elementor-size-sm  elementor-field-textual\" placeholder=\"Nombre de la Empresa\">\n\t\t\t\t\t\t\t\t\t\t\t<\/div>\n\t\t\t\t\t\t\t\t<div class=\"elementor-field-type-textarea elementor-field-group elementor-column elementor-field-group-message elementor-col-100\">\n\t\t\t\t\t\t\t\t\t\t\t\t<label for=\"form-field-message\" class=\"elementor-field-label elementor-screen-only\">\n\t\t\t\t\t\t\t\tMensaje\t\t\t\t\t\t\t<\/label>\n\t\t\t\t\t\t<textarea class=\"elementor-field-textual elementor-field  elementor-size-sm\" name=\"form_fields[message]\" id=\"form-field-message\" rows=\"4\" placeholder=\"\u00bfC\u00f3mo Podemos Ayudarle?\"><\/textarea>\t\t\t\t<\/div>\n\t\t\t\t\t\t\t\t<div class=\"elementor-field-group elementor-column elementor-field-type-submit elementor-col-100 e-form__buttons\">\n\t\t\t\t\t<button class=\"elementor-button elementor-size-sm\" type=\"submit\">\n\t\t\t\t\t\t<span class=\"elementor-button-content-wrapper\">\n\t\t\t\t\t\t\t\t\t\t\t\t\t\t\t\t\t\t\t\t\t\t<span class=\"elementor-button-text\">ENVIAR UN MENSAJE<\/span>\n\t\t\t\t\t\t\t\t\t\t\t\t\t<\/span>\n\t\t\t\t\t<\/button>\n\t\t\t\t<\/div>\n\t\t\t<\/div>\n\t\t<input\n                    class=\"apbct_special_field apbct_email_id__elementor_form\"\n                    name=\"apbct__email_id__elementor_form\"\n                    aria-label=\"apbct__label_id__elementor_form\"\n                    type=\"text\" size=\"30\" maxlength=\"200\" autocomplete=\"off\"\n                    value=\"\"\n                \/><input\n                    class=\"apbct_special_field apbct_email_id__elementor_form\"\n                    name=\"apbct__email_id__elementor_form\"\n                    aria-label=\"apbct__label_id__elementor_form\"\n                    type=\"text\" size=\"30\" maxlength=\"200\" autocomplete=\"off\"\n                    value=\"\"\n                \/><\/form>\n\t\t\t\t\t\t<\/div>\n\t\t\t\t<\/div>\n\t\t\t\t\t<\/div>\n\t\t<\/div>\n\t\t\t\t\t<\/div>\n\t\t<\/section>\n\t\t\t\t<\/div>\n\t\t\t\t<\/div>\n\t\t\t\t\t\t<\/div>\n\t\t\t\t<\/div>\n\t\t\t\t\t<\/div>\n\t\t<\/div>\n\t\t\t\t\t<\/div>\n\t\t<\/section>\n\t\t\t\t<\/div>\n\t\t","protected":false},"excerpt":{"rendered":"<p>Contact Solfirm NUESTRA UBICACI\u00d3N Canad\u00e1:<\/p>\n","protected":false},"author":4,"featured_media":0,"parent":0,"menu_order":0,"comment_status":"closed","ping_status":"closed","template":"","meta":{"footnotes":""},"class_list":["post-7043","page","type-page","status-publish","hentry"],"yoast_head":"<!-- This site is optimized with the Yoast SEO plugin v24.7 - https:\/\/yoast.com\/wordpress\/plugins\/seo\/ -->\n<title>Contact - Solifirm<\/title>\n<meta name=\"robots\" content=\"index, follow, max-snippet:-1, max-image-preview:large, max-video-preview:-1\" \/>\n<link rel=\"canonical\" href=\"https:\/\/solifirm.com\/contact\/\" \/>\n<meta property=\"og:locale\" content=\"es_ES\" \/>\n<meta property=\"og:type\" content=\"article\" \/>\n<meta property=\"og:title\" content=\"Contact - Solifirm\" \/>\n<meta property=\"og:description\" content=\"Contact Solfirm NUESTRA UBICACI\u00d3N Canad\u00e1:\" \/>\n<meta property=\"og:url\" content=\"https:\/\/solifirm.com\/contact\/\" \/>\n<meta property=\"og:site_name\" content=\"Solifirm\" \/>\n<meta property=\"article:modified_time\" content=\"2025-08-13T00:56:26+00:00\" \/>\n<meta name=\"twitter:card\" content=\"summary_large_image\" \/>\n<meta name=\"twitter:label1\" content=\"Tiempo de lectura\" \/>\n\t<meta name=\"twitter:data1\" content=\"1 minuto\" \/>\n<script type=\"application\/ld+json\" class=\"yoast-schema-graph\">{\"@context\":\"https:\/\/schema.org\",\"@graph\":[{\"@type\":\"WebPage\",\"@id\":\"https:\/\/solifirm.com\/contact\/\",\"url\":\"https:\/\/solifirm.com\/contact\/\",\"name\":\"Contact - Solifirm\",\"isPartOf\":{\"@id\":\"https:\/\/solifirm.com\/#website\"},\"datePublished\":\"2025-03-04T06:52:55+00:00\",\"dateModified\":\"2025-08-13T00:56:26+00:00\",\"breadcrumb\":{\"@id\":\"https:\/\/solifirm.com\/contact\/#breadcrumb\"},\"inLanguage\":\"es\",\"potentialAction\":[{\"@type\":\"ReadAction\",\"target\":[\"https:\/\/solifirm.com\/contact\/\"]}]},{\"@type\":\"BreadcrumbList\",\"@id\":\"https:\/\/solifirm.com\/contact\/#breadcrumb\",\"itemListElement\":[{\"@type\":\"ListItem\",\"position\":1,\"name\":\"Home\",\"item\":\"https:\/\/solifirm.com\/es\/\"},{\"@type\":\"ListItem\",\"position\":2,\"name\":\"Contact\"}]},{\"@type\":\"WebSite\",\"@id\":\"https:\/\/solifirm.com\/#website\",\"url\":\"https:\/\/solifirm.com\/\",\"name\":\"Solifirm\",\"description\":\"\",\"publisher\":{\"@id\":\"https:\/\/solifirm.com\/#organization\"},\"potentialAction\":[{\"@type\":\"SearchAction\",\"target\":{\"@type\":\"EntryPoint\",\"urlTemplate\":\"https:\/\/solifirm.com\/?s={search_term_string}\"},\"query-input\":{\"@type\":\"PropertyValueSpecification\",\"valueRequired\":true,\"valueName\":\"search_term_string\"}}],\"inLanguage\":\"es\"},{\"@type\":\"Organization\",\"@id\":\"https:\/\/solifirm.com\/#organization\",\"name\":\"Solifirm\",\"url\":\"https:\/\/solifirm.com\/\",\"logo\":{\"@type\":\"ImageObject\",\"inLanguage\":\"es\",\"@id\":\"https:\/\/solifirm.com\/#\/schema\/logo\/image\/\",\"url\":\"https:\/\/solifirm.com\/wp-content\/uploads\/2025\/03\/solifrim-logo.svg\",\"contentUrl\":\"https:\/\/solifirm.com\/wp-content\/uploads\/2025\/03\/solifrim-logo.svg\",\"width\":239,\"height\":42,\"caption\":\"Solifirm\"},\"image\":{\"@id\":\"https:\/\/solifirm.com\/#\/schema\/logo\/image\/\"}}]}<\/script>\n<!-- \/ Yoast SEO plugin. -->","yoast_head_json":{"title":"Contact - Solifirm","robots":{"index":"index","follow":"follow","max-snippet":"max-snippet:-1","max-image-preview":"max-image-preview:large","max-video-preview":"max-video-preview:-1"},"canonical":"https:\/\/solifirm.com\/contact\/","og_locale":"es_ES","og_type":"article","og_title":"Contact - Solifirm","og_description":"Contact Solfirm NUESTRA UBICACI\u00d3N Canad\u00e1:","og_url":"https:\/\/solifirm.com\/contact\/","og_site_name":"Solifirm","article_modified_time":"2025-08-13T00:56:26+00:00","twitter_card":"summary_large_image","twitter_misc":{"Tiempo de lectura":"1 minuto"},"schema":{"@context":"https:\/\/schema.org","@graph":[{"@type":"WebPage","@id":"https:\/\/solifirm.com\/contact\/","url":"https:\/\/solifirm.com\/contact\/","name":"Contact - Solifirm","isPartOf":{"@id":"https:\/\/solifirm.com\/#website"},"datePublished":"2025-03-04T06:52:55+00:00","dateModified":"2025-08-13T00:56:26+00:00","breadcrumb":{"@id":"https:\/\/solifirm.com\/contact\/#breadcrumb"},"inLanguage":"es","potentialAction":[{"@type":"ReadAction","target":["https:\/\/solifirm.com\/contact\/"]}]},{"@type":"BreadcrumbList","@id":"https:\/\/solifirm.com\/contact\/#breadcrumb","itemListElement":[{"@type":"ListItem","position":1,"name":"Home","item":"https:\/\/solifirm.com\/es\/"},{"@type":"ListItem","position":2,"name":"Contact"}]},{"@type":"WebSite","@id":"https:\/\/solifirm.com\/#website","url":"https:\/\/solifirm.com\/","name":"Solifirm","description":"","publisher":{"@id":"https:\/\/solifirm.com\/#organization"},"potentialAction":[{"@type":"SearchAction","target":{"@type":"EntryPoint","urlTemplate":"https:\/\/solifirm.com\/?s={search_term_string}"},"query-input":{"@type":"PropertyValueSpecification","valueRequired":true,"valueName":"search_term_string"}}],"inLanguage":"es"},{"@type":"Organization","@id":"https:\/\/solifirm.com\/#organization","name":"Solifirm","url":"https:\/\/solifirm.com\/","logo":{"@type":"ImageObject","inLanguage":"es","@id":"https:\/\/solifirm.com\/#\/schema\/logo\/image\/","url":"https:\/\/solifirm.com\/wp-content\/uploads\/2025\/03\/solifrim-logo.svg","contentUrl":"https:\/\/solifirm.com\/wp-content\/uploads\/2025\/03\/solifrim-logo.svg","width":239,"height":42,"caption":"Solifirm"},"image":{"@id":"https:\/\/solifirm.com\/#\/schema\/logo\/image\/"}}]}},"_links":{"self":[{"href":"https:\/\/solifirm.com\/es\/wp-json\/wp\/v2\/pages\/7043","targetHints":{"allow":["GET"]}}],"collection":[{"href":"https:\/\/solifirm.com\/es\/wp-json\/wp\/v2\/pages"}],"about":[{"href":"https:\/\/solifirm.com\/es\/wp-json\/wp\/v2\/types\/page"}],"author":[{"embeddable":true,"href":"https:\/\/solifirm.com\/es\/wp-json\/wp\/v2\/users\/4"}],"replies":[{"embeddable":true,"href":"https:\/\/solifirm.com\/es\/wp-json\/wp\/v2\/comments?post=7043"}],"version-history":[{"count":65,"href":"https:\/\/solifirm.com\/es\/wp-json\/wp\/v2\/pages\/7043\/revisions"}],"predecessor-version":[{"id":7932,"href":"https:\/\/solifirm.com\/es\/wp-json\/wp\/v2\/pages\/7043\/revisions\/7932"}],"wp:attachment":[{"href":"https:\/\/solifirm.com\/es\/wp-json\/wp\/v2\/media?parent=7043"}],"curies":[{"name":"wp","href":"https:\/\/api.w.org\/{rel}","templated":true}]}}